{"id":1419,"date":"2021-12-13T10:00:51","date_gmt":"2021-12-13T13:00:51","guid":{"rendered":"https:\/\/confidencetobeme.w51.agency\/?page_id=1419"},"modified":"2024-02-28T18:22:31","modified_gmt":"2024-02-28T21:22:31","slug":"sobre-merz-aesthetics","status":"publish","type":"page","link":"https:\/\/dev-confidencetobeme.homolog-f2f-digital.xyz\/es-ot\/sobre-merz-aesthetics\/","title":{"rendered":"Sobre Merz Aesthetics\u00ae"},"content":{"rendered":"","protected":false},"excerpt":{"rendered":"","protected":false},"author":1,"featured_media":0,"parent":0,"menu_order":0,"comment_status":"closed","ping_status":"closed","template":"template-sobre.php","meta":{"footnotes":""},"class_list":["post-1419","page","type-page","status-publish","hentry"],"acf":[],"yoast_head":"<!-- This site is optimized with the Yoast SEO plugin v21.0 - https:\/\/yoast.com\/wordpress\/plugins\/seo\/ -->\n<title>Sobre Merz Aesthetics\u00ae - Confidence to be me<\/title>\n<meta name=\"description\" content=\"Conoce m\u00e1s sobre Merz Aesthetics\u00ae, empresa l\u00edder global de est\u00e9tica m\u00e9dica con m\u00e1s de 115 a\u00f1os de experiencia en el cuidado de la piel.\" \/>\n<meta name=\"robots\" content=\"index, follow, max-snippet:-1, max-image-preview:large, max-video-preview:-1\" \/>\n<link rel=\"canonical\" href=\"https:\/\/dev-confidencetobeme.homolog-f2f-digital.xyz\/sobre-a-merz-aesthetics\/\" \/>\n<meta property=\"og:locale\" content=\"es_ES\" \/>\n<meta property=\"og:type\" content=\"article\" \/>\n<meta property=\"og:title\" content=\"Sobre Merz Aesthetics\u00ae - Confidence to be me\" \/>\n<meta property=\"og:description\" content=\"Conoce m\u00e1s sobre Merz Aesthetics\u00ae, empresa l\u00edder global de est\u00e9tica m\u00e9dica con m\u00e1s de 115 a\u00f1os de experiencia en el cuidado de la piel.\" \/>\n<meta property=\"og:url\" content=\"https:\/\/dev-confidencetobeme.homolog-f2f-digital.xyz\/sobre-a-merz-aesthetics\/\" \/>\n<meta property=\"og:site_name\" content=\"Confidence to be me\" \/>\n<meta property=\"article:modified_time\" content=\"2024-02-28T21:22:31+00:00\" \/>\n<meta name=\"twitter:card\" content=\"summary_large_image\" \/>\n<script type=\"application\/ld+json\" class=\"yoast-schema-graph\">{\"@context\":\"https:\/\/schema.org\",\"@graph\":[{\"@type\":\"WebPage\",\"@id\":\"https:\/\/dev-confidencetobeme.homolog-f2f-digital.xyz\/sobre-a-merz-aesthetics\/\",\"url\":\"https:\/\/dev-confidencetobeme.homolog-f2f-digital.xyz\/sobre-a-merz-aesthetics\/\",\"name\":\"Sobre Merz Aesthetics\u00ae - Confidence to be me\",\"isPartOf\":{\"@id\":\"https:\/\/es-co.confidencetobeme.com\/#website\"},\"datePublished\":\"2021-12-13T13:00:51+00:00\",\"dateModified\":\"2024-02-28T21:22:31+00:00\",\"description\":\"Conoce m\u00e1s sobre Merz Aesthetics\u00ae, empresa l\u00edder global de est\u00e9tica m\u00e9dica con m\u00e1s de 115 a\u00f1os de experiencia en el cuidado de la piel.\",\"breadcrumb\":{\"@id\":\"https:\/\/dev-confidencetobeme.homolog-f2f-digital.xyz\/sobre-a-merz-aesthetics\/#breadcrumb\"},\"inLanguage\":\"es-OT\",\"potentialAction\":[{\"@type\":\"ReadAction\",\"target\":[\"https:\/\/dev-confidencetobeme.homolog-f2f-digital.xyz\/sobre-a-merz-aesthetics\/\"]}]},{\"@type\":\"BreadcrumbList\",\"@id\":\"https:\/\/dev-confidencetobeme.homolog-f2f-digital.xyz\/sobre-a-merz-aesthetics\/#breadcrumb\",\"itemListElement\":[{\"@type\":\"ListItem\",\"position\":1,\"name\":\"Home\",\"item\":\"https:\/\/dev-confidencetobeme.homolog-f2f-digital.xyz\/\"},{\"@type\":\"ListItem\",\"position\":2,\"name\":\"Sobre Merz Aesthetics\u00ae\"}]},{\"@type\":\"WebSite\",\"@id\":\"https:\/\/es-co.confidencetobeme.com\/#website\",\"url\":\"https:\/\/es-co.confidencetobeme.com\/\",\"name\":\"Confidence to be me\",\"description\":\"MERZ\",\"potentialAction\":[{\"@type\":\"SearchAction\",\"target\":{\"@type\":\"EntryPoint\",\"urlTemplate\":\"https:\/\/es-co.confidencetobeme.com\/?s={search_term_string}\"},\"query-input\":\"required name=search_term_string\"}],\"inLanguage\":\"es-OT\"}]}<\/script>\n<!-- \/ Yoast SEO plugin. -->","yoast_head_json":{"title":"Sobre Merz Aesthetics\u00ae - Confidence to be me","description":"Conoce m\u00e1s sobre Merz Aesthetics\u00ae, empresa l\u00edder global de est\u00e9tica m\u00e9dica con m\u00e1s de 115 a\u00f1os de experiencia en el cuidado de la piel.","robots":{"index":"index","follow":"follow","max-snippet":"max-snippet:-1","max-image-preview":"max-image-preview:large","max-video-preview":"max-video-preview:-1"},"canonical":"https:\/\/dev-confidencetobeme.homolog-f2f-digital.xyz\/sobre-a-merz-aesthetics\/","og_locale":"es_ES","og_type":"article","og_title":"Sobre Merz Aesthetics\u00ae - Confidence to be me","og_description":"Conoce m\u00e1s sobre Merz Aesthetics\u00ae, empresa l\u00edder global de est\u00e9tica m\u00e9dica con m\u00e1s de 115 a\u00f1os de experiencia en el cuidado de la piel.","og_url":"https:\/\/dev-confidencetobeme.homolog-f2f-digital.xyz\/sobre-a-merz-aesthetics\/","og_site_name":"Confidence to be me","article_modified_time":"2024-02-28T21:22:31+00:00","twitter_card":"summary_large_image","schema":{"@context":"https:\/\/schema.org","@graph":[{"@type":"WebPage","@id":"https:\/\/dev-confidencetobeme.homolog-f2f-digital.xyz\/sobre-a-merz-aesthetics\/","url":"https:\/\/dev-confidencetobeme.homolog-f2f-digital.xyz\/sobre-a-merz-aesthetics\/","name":"Sobre Merz Aesthetics\u00ae - Confidence to be me","isPartOf":{"@id":"https:\/\/es-co.confidencetobeme.com\/#website"},"datePublished":"2021-12-13T13:00:51+00:00","dateModified":"2024-02-28T21:22:31+00:00","description":"Conoce m\u00e1s sobre Merz Aesthetics\u00ae, empresa l\u00edder global de est\u00e9tica m\u00e9dica con m\u00e1s de 115 a\u00f1os de experiencia en el cuidado de la piel.","breadcrumb":{"@id":"https:\/\/dev-confidencetobeme.homolog-f2f-digital.xyz\/sobre-a-merz-aesthetics\/#breadcrumb"},"inLanguage":"es-OT","potentialAction":[{"@type":"ReadAction","target":["https:\/\/dev-confidencetobeme.homolog-f2f-digital.xyz\/sobre-a-merz-aesthetics\/"]}]},{"@type":"BreadcrumbList","@id":"https:\/\/dev-confidencetobeme.homolog-f2f-digital.xyz\/sobre-a-merz-aesthetics\/#breadcrumb","itemListElement":[{"@type":"ListItem","position":1,"name":"Home","item":"https:\/\/dev-confidencetobeme.homolog-f2f-digital.xyz\/"},{"@type":"ListItem","position":2,"name":"Sobre Merz Aesthetics\u00ae"}]},{"@type":"WebSite","@id":"https:\/\/es-co.confidencetobeme.com\/#website","url":"https:\/\/es-co.confidencetobeme.com\/","name":"Confidence to be me","description":"MERZ","potentialAction":[{"@type":"SearchAction","target":{"@type":"EntryPoint","urlTemplate":"https:\/\/es-co.confidencetobeme.com\/?s={search_term_string}"},"query-input":"required name=search_term_string"}],"inLanguage":"es-OT"}]}},"_links":{"self":[{"href":"https:\/\/dev-confidencetobeme.homolog-f2f-digital.xyz\/es-ot\/wp-json\/wp\/v2\/pages\/1419","targetHints":{"allow":["GET"]}}],"collection":[{"href":"https:\/\/dev-confidencetobeme.homolog-f2f-digital.xyz\/es-ot\/wp-json\/wp\/v2\/pages"}],"about":[{"href":"https:\/\/dev-confidencetobeme.homolog-f2f-digital.xyz\/es-ot\/wp-json\/wp\/v2\/types\/page"}],"author":[{"embeddable":true,"href":"https:\/\/dev-confidencetobeme.homolog-f2f-digital.xyz\/es-ot\/wp-json\/wp\/v2\/users\/1"}],"replies":[{"embeddable":true,"href":"https:\/\/dev-confidencetobeme.homolog-f2f-digital.xyz\/es-ot\/wp-json\/wp\/v2\/comments?post=1419"}],"version-history":[{"count":8,"href":"https:\/\/dev-confidencetobeme.homolog-f2f-digital.xyz\/es-ot\/wp-json\/wp\/v2\/pages\/1419\/revisions"}],"predecessor-version":[{"id":2788,"href":"https:\/\/dev-confidencetobeme.homolog-f2f-digital.xyz\/es-ot\/wp-json\/wp\/v2\/pages\/1419\/revisions\/2788"}],"wp:attachment":[{"href":"https:\/\/dev-confidencetobeme.homolog-f2f-digital.xyz\/es-ot\/wp-json\/wp\/v2\/media?parent=1419"}],"curies":[{"name":"wp","href":"https:\/\/api.w.org\/{rel}","templated":true}]}}