{"id":13,"date":"2021-12-10T18:28:54","date_gmt":"2021-12-10T21:28:54","guid":{"rendered":"https:\/\/merz.agileprodutora.com.br\/?page_id=13"},"modified":"2025-07-07T12:20:07","modified_gmt":"2025-07-07T15:20:07","slug":"home","status":"publish","type":"page","link":"https:\/\/dev-confidencetobeme.homolog-f2f-digital.xyz\/es\/","title":{"rendered":"Home"},"content":{"rendered":"","protected":false},"excerpt":{"rendered":"","protected":false},"author":1,"featured_media":0,"parent":0,"menu_order":0,"comment_status":"closed","ping_status":"closed","template":"page-home.php","meta":{"footnotes":""},"class_list":["post-13","page","type-page","status-publish","hentry"],"acf":[],"yoast_head":"<!-- This site is optimized with the Yoast SEO plugin v21.0 - https:\/\/yoast.com\/wordpress\/plugins\/seo\/ -->\n<title>Home - Merz Aesthetics\u00ae l Confidence to be me<\/title>\n<meta name=\"description\" content=\"P\u00e1gina oficial de Merz Aesthetics\u00ae, empresa l\u00edder de est\u00e9tica m\u00e9dica con inyectables, dispositivos y tratamientos para el cuidado de la piel.\" \/>\n<meta name=\"robots\" content=\"index, follow, max-snippet:-1, max-image-preview:large, max-video-preview:-1\" \/>\n<link rel=\"canonical\" href=\"https:\/\/dev-confidencetobeme.homolog-f2f-digital.xyz\/\" \/>\n<meta property=\"og:locale\" content=\"es_MX\" \/>\n<meta property=\"og:type\" content=\"article\" \/>\n<meta property=\"og:title\" content=\"Home - Merz Aesthetics\u00ae l Confidence to be me\" \/>\n<meta property=\"og:description\" content=\"P\u00e1gina oficial de Merz Aesthetics\u00ae, empresa l\u00edder de est\u00e9tica m\u00e9dica con inyectables, dispositivos y tratamientos para el cuidado de la piel.\" \/>\n<meta property=\"og:url\" content=\"https:\/\/dev-confidencetobeme.homolog-f2f-digital.xyz\/\" \/>\n<meta property=\"og:site_name\" content=\"Confidence to be me\" \/>\n<meta property=\"article:modified_time\" content=\"2025-07-07T15:20:07+00:00\" \/>\n<meta name=\"twitter:card\" content=\"summary_large_image\" \/>\n<script type=\"application\/ld+json\" class=\"yoast-schema-graph\">{\"@context\":\"https:\/\/schema.org\",\"@graph\":[{\"@type\":\"WebPage\",\"@id\":\"https:\/\/dev-confidencetobeme.homolog-f2f-digital.xyz\/\",\"url\":\"https:\/\/dev-confidencetobeme.homolog-f2f-digital.xyz\/\",\"name\":\"Home - Merz Aesthetics\u00ae l Confidence to be me\",\"isPartOf\":{\"@id\":\"https:\/\/es-co.confidencetobeme.com\/#website\"},\"datePublished\":\"2021-12-10T21:28:54+00:00\",\"dateModified\":\"2025-07-07T15:20:07+00:00\",\"description\":\"P\u00e1gina oficial de Merz Aesthetics\u00ae, empresa l\u00edder de est\u00e9tica m\u00e9dica con inyectables, dispositivos y tratamientos para el cuidado de la piel.\",\"breadcrumb\":{\"@id\":\"https:\/\/dev-confidencetobeme.homolog-f2f-digital.xyz\/#breadcrumb\"},\"inLanguage\":\"es\",\"potentialAction\":[{\"@type\":\"ReadAction\",\"target\":[\"https:\/\/dev-confidencetobeme.homolog-f2f-digital.xyz\/\"]}]},{\"@type\":\"BreadcrumbList\",\"@id\":\"https:\/\/dev-confidencetobeme.homolog-f2f-digital.xyz\/#breadcrumb\",\"itemListElement\":[{\"@type\":\"ListItem\",\"position\":1,\"name\":\"Home\",\"item\":\"https:\/\/dev-confidencetobeme.homolog-f2f-digital.xyz\/\"},{\"@type\":\"ListItem\",\"position\":2,\"name\":\"Home\"}]},{\"@type\":\"WebSite\",\"@id\":\"https:\/\/es-co.confidencetobeme.com\/#website\",\"url\":\"https:\/\/es-co.confidencetobeme.com\/\",\"name\":\"Confidence to be me\",\"description\":\"MERZ\",\"potentialAction\":[{\"@type\":\"SearchAction\",\"target\":{\"@type\":\"EntryPoint\",\"urlTemplate\":\"https:\/\/es-co.confidencetobeme.com\/?s={search_term_string}\"},\"query-input\":\"required name=search_term_string\"}],\"inLanguage\":\"es\"}]}<\/script>\n<!-- \/ Yoast SEO plugin. -->","yoast_head_json":{"title":"Home - Merz Aesthetics\u00ae l Confidence to be me","description":"P\u00e1gina oficial de Merz Aesthetics\u00ae, empresa l\u00edder de est\u00e9tica m\u00e9dica con inyectables, dispositivos y tratamientos para el cuidado de la piel.","robots":{"index":"index","follow":"follow","max-snippet":"max-snippet:-1","max-image-preview":"max-image-preview:large","max-video-preview":"max-video-preview:-1"},"canonical":"https:\/\/dev-confidencetobeme.homolog-f2f-digital.xyz\/","og_locale":"es_MX","og_type":"article","og_title":"Home - Merz Aesthetics\u00ae l Confidence to be me","og_description":"P\u00e1gina oficial de Merz Aesthetics\u00ae, empresa l\u00edder de est\u00e9tica m\u00e9dica con inyectables, dispositivos y tratamientos para el cuidado de la piel.","og_url":"https:\/\/dev-confidencetobeme.homolog-f2f-digital.xyz\/","og_site_name":"Confidence to be me","article_modified_time":"2025-07-07T15:20:07+00:00","twitter_card":"summary_large_image","schema":{"@context":"https:\/\/schema.org","@graph":[{"@type":"WebPage","@id":"https:\/\/dev-confidencetobeme.homolog-f2f-digital.xyz\/","url":"https:\/\/dev-confidencetobeme.homolog-f2f-digital.xyz\/","name":"Home - Merz Aesthetics\u00ae l Confidence to be me","isPartOf":{"@id":"https:\/\/es-co.confidencetobeme.com\/#website"},"datePublished":"2021-12-10T21:28:54+00:00","dateModified":"2025-07-07T15:20:07+00:00","description":"P\u00e1gina oficial de Merz Aesthetics\u00ae, empresa l\u00edder de est\u00e9tica m\u00e9dica con inyectables, dispositivos y tratamientos para el cuidado de la piel.","breadcrumb":{"@id":"https:\/\/dev-confidencetobeme.homolog-f2f-digital.xyz\/#breadcrumb"},"inLanguage":"es","potentialAction":[{"@type":"ReadAction","target":["https:\/\/dev-confidencetobeme.homolog-f2f-digital.xyz\/"]}]},{"@type":"BreadcrumbList","@id":"https:\/\/dev-confidencetobeme.homolog-f2f-digital.xyz\/#breadcrumb","itemListElement":[{"@type":"ListItem","position":1,"name":"Home","item":"https:\/\/dev-confidencetobeme.homolog-f2f-digital.xyz\/"},{"@type":"ListItem","position":2,"name":"Home"}]},{"@type":"WebSite","@id":"https:\/\/es-co.confidencetobeme.com\/#website","url":"https:\/\/es-co.confidencetobeme.com\/","name":"Confidence to be me","description":"MERZ","potentialAction":[{"@type":"SearchAction","target":{"@type":"EntryPoint","urlTemplate":"https:\/\/es-co.confidencetobeme.com\/?s={search_term_string}"},"query-input":"required name=search_term_string"}],"inLanguage":"es"}]}},"_links":{"self":[{"href":"https:\/\/dev-confidencetobeme.homolog-f2f-digital.xyz\/es\/wp-json\/wp\/v2\/pages\/13","targetHints":{"allow":["GET"]}}],"collection":[{"href":"https:\/\/dev-confidencetobeme.homolog-f2f-digital.xyz\/es\/wp-json\/wp\/v2\/pages"}],"about":[{"href":"https:\/\/dev-confidencetobeme.homolog-f2f-digital.xyz\/es\/wp-json\/wp\/v2\/types\/page"}],"author":[{"embeddable":true,"href":"https:\/\/dev-confidencetobeme.homolog-f2f-digital.xyz\/es\/wp-json\/wp\/v2\/users\/1"}],"replies":[{"embeddable":true,"href":"https:\/\/dev-confidencetobeme.homolog-f2f-digital.xyz\/es\/wp-json\/wp\/v2\/comments?post=13"}],"version-history":[{"count":44,"href":"https:\/\/dev-confidencetobeme.homolog-f2f-digital.xyz\/es\/wp-json\/wp\/v2\/pages\/13\/revisions"}],"predecessor-version":[{"id":5144,"href":"https:\/\/dev-confidencetobeme.homolog-f2f-digital.xyz\/es\/wp-json\/wp\/v2\/pages\/13\/revisions\/5144"}],"wp:attachment":[{"href":"https:\/\/dev-confidencetobeme.homolog-f2f-digital.xyz\/es\/wp-json\/wp\/v2\/media?parent=13"}],"curies":[{"name":"wp","href":"https:\/\/api.w.org\/{rel}","templated":true}]}}